
{"id":10684,"date":"2025-03-25T18:27:01","date_gmt":"2025-03-25T17:27:01","guid":{"rendered":"https:\/\/tolunacorporate.com\/?page_id=10684"},"modified":"2025-03-25T18:39:07","modified_gmt":"2025-03-25T17:39:07","slug":"aedemo-tv-informe-evento-2025","status":"publish","type":"page","link":"https:\/\/tolunacorporate.com\/es\/aedemo-tv-informe-evento-2025\/","title":{"rendered":"AEDEMO TV Informe evento 2025"},"content":{"rendered":"<style>.kb-row-layout-id10684_fce8c7-7b > .kt-row-column-wrap{align-content:center;}:where(.kb-row-layout-id10684_fce8c7-7b > .kt-row-column-wrap) > .wp-block-toluna-column{justify-content:center;}.kb-row-layout-id10684_fce8c7-7b > .kt-row-column-wrap{column-gap:var(--global-kb-gap-md, 2rem);row-gap:var(--global-kb-gap-md, 2rem);max-width:var(--wp--style--global--content-size);padding-top:var(--global-kb-spacing-sm, 1.5rem);padding-bottom:var(--global-kb-spacing-sm, 1.5rem);min-height:368px;grid-template-columns:repeat(2, minmax(0, 1fr));}.kb-row-layout-id10684_fce8c7-7b{background-color:rgba(0,0,0,0.02);background-image:url('https:\/\/tolunacorporate.com\/wp-content\/uploads\/2025\/03\/AEDEMO-TV-.png');background-size:cover;background-position:81% 47%;background-attachment:scroll;background-repeat:no-repeat;}.kb-row-layout-id10684_fce8c7-7b > .kt-row-layout-overlay{opacity:0.20;background-color:#020202;}@media all and (max-width: 1024px), only screen and (min-device-width: 1024px) and (max-device-width: 1366px) and (-webkit-min-device-pixel-ratio: 2) and (hover: none){.kb-row-layout-wrap.wp-block-toluna-rowlayout.kb-row-layout-id10684_fce8c7-7b{background-image:url('https:\/\/tolunacorporate.com\/wp-content\/uploads\/2025\/02\/1605da760131a4dd7b0b045052966ca0.png');background-size:cover;background-position:63% 48%;background-attachment:scroll;background-repeat:no-repeat;}}@media all and (max-width: 1024px){.kb-row-layout-id10684_fce8c7-7b > .kt-row-column-wrap{min-height:669px;grid-template-columns:repeat(2, minmax(0, 1fr));}}@media all and (max-width: 767px){.kb-row-layout-id10684_fce8c7-7b > .kt-row-column-wrap{min-height:491px;grid-template-columns:minmax(0, 1fr);}.kb-row-layout-wrap.wp-block-toluna-rowlayout.kb-row-layout-id10684_fce8c7-7b{background-image:url('https:\/\/tolunacorporate.com\/wp-content\/uploads\/2025\/02\/1605da760131a4dd7b0b045052966ca0.png');background-size:cover;background-position:28.000000000000004% 52%;background-attachment:scroll;background-repeat:no-repeat;}}<\/style><div class=\"kb-row-layout-wrap kb-row-layout-id10684_fce8c7-7b alignfull kt-row-has-bg wp-block-toluna-rowlayout\"><div class=\"kt-row-layout-overlay kt-row-overlay-normal\"><\/div><div class=\"kt-row-column-wrap kt-has-2-columns kt-row-layout-equal kt-tab-layout-inherit kt-mobile-layout-row kt-row-valign-middle kb-theme-content-width\">\n<style>.toluna-column10684_536e33-5b > .kt-inside-inner-col{display:flex;}.toluna-column10684_536e33-5b > .kt-inside-inner-col,.toluna-column10684_536e33-5b > .kt-inside-inner-col:before{border-top-left-radius:0px;border-top-right-radius:0px;border-bottom-right-radius:0px;border-bottom-left-radius:0px;}.toluna-column10684_536e33-5b > .kt-inside-inner-col{column-gap:var(--global-kb-gap-sm, 1rem);}.toluna-column10684_536e33-5b > .kt-inside-inner-col{flex-direction:column;justify-content:flex-start;align-items:flex-start;}.toluna-column10684_536e33-5b > .kt-inside-inner-col > .kb-image-is-ratio-size{align-self:stretch;}.toluna-column10684_536e33-5b > .kt-inside-inner-col > .wp-block-toluna-advancedgallery{align-self:stretch;}.toluna-column10684_536e33-5b > .kt-inside-inner-col > .aligncenter{width:100%;}.kt-row-column-wrap > .toluna-column10684_536e33-5b{align-self:flex-start;}.kt-inner-column-height-full:not(.kt-has-1-columns) > .wp-block-toluna-column.toluna-column10684_536e33-5b{align-self:auto;}.kt-inner-column-height-full:not(.kt-has-1-columns) > .wp-block-toluna-column.toluna-column10684_536e33-5b > .kt-inside-inner-col{flex-direction:column;justify-content:flex-start;}.toluna-column10684_536e33-5b > .kt-inside-inner-col:before{opacity:0.3;}.toluna-column10684_536e33-5b{text-align:left;}.toluna-column10684_536e33-5b{position:relative;}@media all and (max-width: 1024px){.kt-row-column-wrap > .toluna-column10684_536e33-5b{align-self:flex-start;}}@media all and (max-width: 1024px){.kt-inner-column-height-full:not(.kt-has-1-columns) > .wp-block-toluna-column.toluna-column10684_536e33-5b{align-self:auto;}}@media all and (max-width: 1024px){.kt-inner-column-height-full:not(.kt-has-1-columns) > .wp-block-toluna-column.toluna-column10684_536e33-5b > .kt-inside-inner-col{flex-direction:column;justify-content:flex-start;}}@media all and (max-width: 1024px){.toluna-column10684_536e33-5b > .kt-inside-inner-col{flex-direction:column;align-items:flex-start;}}@media all and (max-width: 767px){.kt-row-column-wrap > .toluna-column10684_536e33-5b{align-self:flex-start;}.kt-inner-column-height-full:not(.kt-has-1-columns) > .wp-block-toluna-column.toluna-column10684_536e33-5b{align-self:auto;}.kt-inner-column-height-full:not(.kt-has-1-columns) > .wp-block-toluna-column.toluna-column10684_536e33-5b > .kt-inside-inner-col{flex-direction:column;justify-content:flex-start;}.toluna-column10684_536e33-5b > .kt-inside-inner-col{flex-direction:column;align-items:flex-start;}}<\/style>\n<div class=\"wp-block-toluna-column toluna-column10684_536e33-5b\"><div class=\"kt-inside-inner-col\"><style>.wp-block-toluna-advancedheading.kt-adv-heading10684_31b6b2-ee, .wp-block-toluna-advancedheading.kt-adv-heading10684_31b6b2-ee[data-kb-block=\"kb-adv-heading10684_31b6b2-ee\"]{margin-bottom:var(--global-kb-spacing-xxs, 0.5rem);font-size:48px;line-height:56px;font-weight:400;font-style:normal;font-family:var( --wp--preset--font-family--sharp-sans, inherit );color:#fdfcfc;}.wp-block-toluna-advancedheading.kt-adv-heading10684_31b6b2-ee mark.kt-highlight, .wp-block-toluna-advancedheading.kt-adv-heading10684_31b6b2-ee[data-kb-block=\"kb-adv-heading10684_31b6b2-ee\"] mark.kt-highlight{font-style:normal;color:#f76a0c;-webkit-box-decoration-break:clone;box-decoration-break:clone;padding-top:0px;padding-right:0px;padding-bottom:0px;padding-left:0px;}@media all and (max-width: 767px){.wp-block-toluna-advancedheading.kt-adv-heading10684_31b6b2-ee, .wp-block-toluna-advancedheading.kt-adv-heading10684_31b6b2-ee[data-kb-block=\"kb-adv-heading10684_31b6b2-ee\"]{font-size:var(--global-kb-font-size-xl, 2rem);line-height:40px;}}<\/style>\n<h3 class=\"kt-adv-heading10684_31b6b2-ee wp-block-toluna-advancedheading\" data-kb-block=\"kb-adv-heading10684_31b6b2-ee\">Publicidad:<br>\u00bfC\u00f3mo llegar<br>al consumidor?<\/h3>\n\n\n<style>.wp-block-toluna-advancedheading.kt-adv-heading10684_262023-c3, .wp-block-toluna-advancedheading.kt-adv-heading10684_262023-c3[data-kb-block=\"kb-adv-heading10684_262023-c3\"]{margin-top:var(--global-kb-spacing-xxs, 0.5rem);margin-bottom:var(--global-kb-spacing-sm, 1.5rem);font-size:var(--global-kb-font-size-md, 1rem);line-height:24px;font-style:normal;color:#ffffff;}.wp-block-toluna-advancedheading.kt-adv-heading10684_262023-c3 mark.kt-highlight, .wp-block-toluna-advancedheading.kt-adv-heading10684_262023-c3[data-kb-block=\"kb-adv-heading10684_262023-c3\"] mark.kt-highlight{font-style:normal;color:#f76a0c;-webkit-box-decoration-break:clone;box-decoration-break:clone;padding-top:0px;padding-right:0px;padding-bottom:0px;padding-left:0px;}<\/style>\n<p class=\"kt-adv-heading10684_262023-c3 wp-block-toluna-advancedheading\" data-kb-block=\"kb-adv-heading10684_262023-c3\">Descubre los \u00faltimos insights del consumidor<br>espa\u00f1ol en el ecosistema medi\u00e1tico.<\/p>\n<\/div><\/div>\n\n\n<style>.toluna-column10684_74874d-68 > .kt-inside-inner-col,.toluna-column10684_74874d-68 > .kt-inside-inner-col:before{border-top-left-radius:0px;border-top-right-radius:0px;border-bottom-right-radius:0px;border-bottom-left-radius:0px;}.toluna-column10684_74874d-68 > .kt-inside-inner-col{column-gap:var(--global-kb-gap-sm, 1rem);}.toluna-column10684_74874d-68 > .kt-inside-inner-col{flex-direction:column;}.toluna-column10684_74874d-68 > .kt-inside-inner-col > .aligncenter{width:100%;}.toluna-column10684_74874d-68 > .kt-inside-inner-col:before{opacity:0.3;}.toluna-column10684_74874d-68{position:relative;}@media all and (max-width: 1024px){.toluna-column10684_74874d-68 > .kt-inside-inner-col{flex-direction:column;}}@media all and (max-width: 767px){.toluna-column10684_74874d-68 > .kt-inside-inner-col{flex-direction:column;}}<\/style>\n<div class=\"wp-block-toluna-column toluna-column10684_74874d-68 kvs-md-false kvs-sm-false\"><div class=\"kt-inside-inner-col\"><\/div><\/div>\n\n<\/div><\/div>\n\n<style>.kb-row-layout-id10684_3e1dae-78 > .kt-row-column-wrap{align-content:start;}:where(.kb-row-layout-id10684_3e1dae-78 > .kt-row-column-wrap) > .wp-block-toluna-column{justify-content:start;}.kb-row-layout-id10684_3e1dae-78 > .kt-row-column-wrap{column-gap:var(--global-kb-gap-md, 2rem);row-gap:var(--global-kb-gap-md, 2rem);max-width:var(--wp--style--global--content-size);padding-top:var(--global-kb-spacing-sm, 1.5rem);padding-right:var(--global-kb-spacing-sm, 1.5rem);padding-left:var(--global-kb-spacing-sm, 1.5rem);grid-template-columns:repeat(2, minmax(0, 1fr));}.kb-row-layout-id10684_3e1dae-78 > .kt-row-layout-overlay{opacity:0.30;}@media all and (max-width: 1024px){.kb-row-layout-id10684_3e1dae-78 > .kt-row-column-wrap{grid-template-columns:minmax(0, 1fr);}}@media all and (max-width: 767px){.kb-row-layout-id10684_3e1dae-78 > .kt-row-column-wrap{grid-template-columns:minmax(0, 1fr);}}<\/style><div class=\"kb-row-layout-wrap kb-row-layout-id10684_3e1dae-78 alignfull has-whisper-background-color kt-row-has-bg wp-block-toluna-rowlayout\"><div class=\"kt-row-column-wrap kt-has-2-columns kt-row-layout-equal kt-tab-layout-row kt-mobile-layout-row kt-row-valign-top kb-theme-content-width\">\n<style>.toluna-column10684_b989fb-47 > .kt-inside-inner-col{display:flex;}.toluna-column10684_b989fb-47 > .kt-inside-inner-col,.toluna-column10684_b989fb-47 > .kt-inside-inner-col:before{border-top-left-radius:0px;border-top-right-radius:0px;border-bottom-right-radius:0px;border-bottom-left-radius:0px;}.toluna-column10684_b989fb-47 > .kt-inside-inner-col{column-gap:var(--global-kb-gap-sm, 1rem);}.toluna-column10684_b989fb-47 > .kt-inside-inner-col{flex-direction:column;justify-content:flex-start;align-items:center;}.toluna-column10684_b989fb-47 > .kt-inside-inner-col > .kb-image-is-ratio-size{align-self:stretch;}.toluna-column10684_b989fb-47 > .kt-inside-inner-col > .wp-block-toluna-advancedgallery{align-self:stretch;}.toluna-column10684_b989fb-47 > .kt-inside-inner-col > .aligncenter{width:100%;}.kt-row-column-wrap > .toluna-column10684_b989fb-47{align-self:flex-start;}.kt-inner-column-height-full:not(.kt-has-1-columns) > .wp-block-toluna-column.toluna-column10684_b989fb-47{align-self:auto;}.kt-inner-column-height-full:not(.kt-has-1-columns) > .wp-block-toluna-column.toluna-column10684_b989fb-47 > .kt-inside-inner-col{flex-direction:column;justify-content:flex-start;}.toluna-column10684_b989fb-47 > .kt-inside-inner-col:before{opacity:0.3;}.toluna-column10684_b989fb-47{position:relative;}@media all and (max-width: 1024px){.kt-row-column-wrap > .toluna-column10684_b989fb-47{align-self:flex-start;}}@media all and (max-width: 1024px){.kt-inner-column-height-full:not(.kt-has-1-columns) > .wp-block-toluna-column.toluna-column10684_b989fb-47{align-self:auto;}}@media all and (max-width: 1024px){.kt-inner-column-height-full:not(.kt-has-1-columns) > .wp-block-toluna-column.toluna-column10684_b989fb-47 > .kt-inside-inner-col{flex-direction:column;justify-content:flex-start;}}@media all and (max-width: 1024px){.toluna-column10684_b989fb-47 > .kt-inside-inner-col{flex-direction:column;align-items:center;}}@media all and (max-width: 767px){.kt-row-column-wrap > .toluna-column10684_b989fb-47{align-self:flex-start;}.kt-inner-column-height-full:not(.kt-has-1-columns) > .wp-block-toluna-column.toluna-column10684_b989fb-47{align-self:auto;}.kt-inner-column-height-full:not(.kt-has-1-columns) > .wp-block-toluna-column.toluna-column10684_b989fb-47 > .kt-inside-inner-col{flex-direction:column;justify-content:flex-start;}.toluna-column10684_b989fb-47 > .kt-inside-inner-col{flex-direction:column;align-items:center;}}<\/style>\n<div class=\"wp-block-toluna-column toluna-column10684_b989fb-47\"><div class=\"kt-inside-inner-col\"><style>.kb-image10684_e41c4f-4c.kb-image-is-ratio-size, .kb-image10684_e41c4f-4c .kb-image-is-ratio-size{max-width:500px;width:100%;}.wp-block-toluna-column > .kt-inside-inner-col > .kb-image10684_e41c4f-4c.kb-image-is-ratio-size, .wp-block-toluna-column > .kt-inside-inner-col > .kb-image10684_e41c4f-4c .kb-image-is-ratio-size{align-self:unset;}.kb-image10684_e41c4f-4c{max-width:500px;}.image-is-svg.kb-image10684_e41c4f-4c{-webkit-flex:0 1 100%;flex:0 1 100%;}.image-is-svg.kb-image10684_e41c4f-4c img{width:100%;}.kb-image10684_e41c4f-4c .kb-image-has-overlay:after{opacity:0.3;}<\/style>\n<figure class=\"wp-block-toluna-image kb-image10684_e41c4f-4c size-medium_large\"><div class=\"\"><img decoding=\"async\" width=\"768\" height=\"807\" src=\"https:\/\/tolunacorporate.com\/wp-content\/uploads\/2025\/03\/Rectangle-4321-2-768x807.png\" alt=\"\" class=\"kb-img wp-image-5165\" srcset=\"https:\/\/tolunacorporate.com\/wp-content\/uploads\/2025\/03\/Rectangle-4321-2-768x807.png 768w, https:\/\/tolunacorporate.com\/wp-content\/uploads\/2025\/03\/Rectangle-4321-2-286x300.png 286w, https:\/\/tolunacorporate.com\/wp-content\/uploads\/2025\/03\/Rectangle-4321-2-975x1024.png 975w, https:\/\/tolunacorporate.com\/wp-content\/uploads\/2025\/03\/Rectangle-4321-2.png 1056w\" sizes=\"(max-width: 768px) 100vw, 768px\" \/><\/div><\/figure>\n<\/div><\/div>\n\n\n<style>.toluna-column10684_d86da3-58 > .kt-inside-inner-col{display:flex;}.toluna-column10684_d86da3-58 > .kt-inside-inner-col,.toluna-column10684_d86da3-58 > .kt-inside-inner-col:before{border-top-left-radius:0px;border-top-right-radius:0px;border-bottom-right-radius:0px;border-bottom-left-radius:0px;}.toluna-column10684_d86da3-58 > .kt-inside-inner-col{column-gap:var(--global-kb-gap-sm, 1rem);}.toluna-column10684_d86da3-58 > .kt-inside-inner-col{flex-direction:column;justify-content:center;}.toluna-column10684_d86da3-58 > .kt-inside-inner-col > .aligncenter{width:100%;}.kt-row-column-wrap > .toluna-column10684_d86da3-58{align-self:center;}.kt-inner-column-height-full:not(.kt-has-1-columns) > .wp-block-toluna-column.toluna-column10684_d86da3-58{align-self:auto;}.kt-inner-column-height-full:not(.kt-has-1-columns) > .wp-block-toluna-column.toluna-column10684_d86da3-58 > .kt-inside-inner-col{flex-direction:column;justify-content:center;}.toluna-column10684_d86da3-58 > .kt-inside-inner-col:before{opacity:0.3;}.toluna-column10684_d86da3-58{position:relative;}@media all and (max-width: 1024px){.kt-row-column-wrap > .toluna-column10684_d86da3-58{align-self:center;}}@media all and (max-width: 1024px){.kt-inner-column-height-full:not(.kt-has-1-columns) > .wp-block-toluna-column.toluna-column10684_d86da3-58{align-self:auto;}}@media all and (max-width: 1024px){.kt-inner-column-height-full:not(.kt-has-1-columns) > .wp-block-toluna-column.toluna-column10684_d86da3-58 > .kt-inside-inner-col{flex-direction:column;justify-content:center;}}@media all and (max-width: 1024px){.toluna-column10684_d86da3-58 > .kt-inside-inner-col{flex-direction:column;}}@media all and (max-width: 767px){.kt-row-column-wrap > .toluna-column10684_d86da3-58{align-self:center;}.kt-inner-column-height-full:not(.kt-has-1-columns) > .wp-block-toluna-column.toluna-column10684_d86da3-58{align-self:auto;}.kt-inner-column-height-full:not(.kt-has-1-columns) > .wp-block-toluna-column.toluna-column10684_d86da3-58 > .kt-inside-inner-col{flex-direction:column;justify-content:center;}.toluna-column10684_d86da3-58 > .kt-inside-inner-col{flex-direction:column;}}<\/style>\n<div class=\"wp-block-toluna-column toluna-column10684_d86da3-58\"><div class=\"kt-inside-inner-col\"><style>.wp-block-toluna-advancedheading.kt-adv-heading10684_763726-21, .wp-block-toluna-advancedheading.kt-adv-heading10684_763726-21[data-kb-block=\"kb-adv-heading10684_763726-21\"]{margin-bottom:0px;font-size:var(--global-kb-font-size-xl, 2rem);line-height:45px;font-style:normal;}.wp-block-toluna-advancedheading.kt-adv-heading10684_763726-21 mark.kt-highlight, .wp-block-toluna-advancedheading.kt-adv-heading10684_763726-21[data-kb-block=\"kb-adv-heading10684_763726-21\"] mark.kt-highlight{font-style:normal;color:#f76a0c;-webkit-box-decoration-break:clone;box-decoration-break:clone;padding-top:0px;padding-right:0px;padding-bottom:0px;padding-left:0px;}<\/style>\n<h3 class=\"kt-adv-heading10684_763726-21 wp-block-toluna-advancedheading has-toluna-black-color has-text-color\" data-kb-block=\"kb-adv-heading10684_763726-21\">Descarga el avance del informe<\/h3>\n\n\n\n<script src=\"\/\/go.tolunacorporate.com\/js\/forms2\/js\/forms2.min.js\"><\/script> <form id=\"mktoForm_2557\"><\/form> <script>MktoForms2.loadForm(\"\/\/go.tolunacorporate.com\", \"162-YRA-500\", 2557);<\/script>\n<\/div><\/div>\n\n<\/div><\/div>\n\n\n<p><\/p>\n","protected":false},"excerpt":{"rendered":"<p>Publicidad:\u00bfC\u00f3mo llegaral consumidor? Descubre los \u00faltimos insights del consumidorespa\u00f1ol en el ecosistema<\/p>\n","protected":false},"author":8,"featured_media":0,"parent":0,"menu_order":0,"comment_status":"closed","ping_status":"closed","template":"","meta":{"_acf_changed":false,"_toluna_hide_sidebar":false,"footnotes":""},"class_list":["post-10684","page","type-page","status-publish","hentry","entry"],"acf":[],"_links":{"self":[{"href":"https:\/\/tolunacorporate.com\/es\/wp-json\/wp\/v2\/pages\/10684","targetHints":{"allow":["GET"]}}],"collection":[{"href":"https:\/\/tolunacorporate.com\/es\/wp-json\/wp\/v2\/pages"}],"about":[{"href":"https:\/\/tolunacorporate.com\/es\/wp-json\/wp\/v2\/types\/page"}],"author":[{"embeddable":true,"href":"https:\/\/tolunacorporate.com\/es\/wp-json\/wp\/v2\/users\/8"}],"replies":[{"embeddable":true,"href":"https:\/\/tolunacorporate.com\/es\/wp-json\/wp\/v2\/comments?post=10684"}],"version-history":[{"count":0,"href":"https:\/\/tolunacorporate.com\/es\/wp-json\/wp\/v2\/pages\/10684\/revisions"}],"wp:attachment":[{"href":"https:\/\/tolunacorporate.com\/es\/wp-json\/wp\/v2\/media?parent=10684"}],"curies":[{"name":"wp","href":"https:\/\/api.w.org\/{rel}","templated":true}]}}