
{"id":12102,"date":"2025-03-28T10:19:23","date_gmt":"2025-03-28T09:19:23","guid":{"rendered":"https:\/\/tolunacorporate.com\/?page_id=12102"},"modified":"2025-09-23T17:49:12","modified_gmt":"2025-09-23T15:49:12","slug":"elections","status":"publish","type":"page","link":"https:\/\/tolunacorporate.com\/fr\/elections\/","title":{"rendered":"Elections"},"content":{"rendered":"<style>.kb-row-layout-id12102_714b3b-9f > .kt-row-column-wrap{align-content:center;}:where(.kb-row-layout-id12102_714b3b-9f > .kt-row-column-wrap) > .wp-block-toluna-column{justify-content:center;}.kb-row-layout-id12102_714b3b-9f > .kt-row-column-wrap{column-gap:var(--global-kb-gap-md, 2rem);row-gap:var(--global-kb-gap-md, 2rem);max-width:var(--wp--style--global--content-size);padding-right:var(--global-kb-spacing-sm, 1.5rem);padding-left:var(--global-kb-spacing-sm, 1.5rem);min-height:500px;grid-template-columns:minmax(0, 2fr) minmax(0, 1fr);}.kb-row-layout-id12102_714b3b-9f{background-image:url('https:\/\/tolunacorporate.com\/wp-content\/uploads\/2025\/03\/Website-header-standard-1.png');background-size:cover;background-position:15% 50%;background-attachment:scroll;background-repeat:no-repeat;}.kb-row-layout-id12102_714b3b-9f > .kt-row-layout-overlay{opacity:0.40;background-color:#020202;}@media all and (max-width: 1024px){.kb-row-layout-id12102_714b3b-9f > .kt-row-column-wrap{min-height:669px;grid-template-columns:minmax(0, 1fr);}}@media all and (max-width: 767px){.kb-row-layout-id12102_714b3b-9f > .kt-row-column-wrap{padding-top:var(--global-kb-spacing-sm, 1.5rem);min-height:236px;grid-template-columns:minmax(0, 1fr);}.kb-row-layout-wrap.wp-block-toluna-rowlayout.kb-row-layout-id12102_714b3b-9f{background-image:url('https:\/\/tolunacorporate.com\/wp-content\/uploads\/2025\/03\/Hero-Full-Bleed-Image-1.jpg');background-size:cover;background-position:37% 20%;background-attachment:scroll;background-repeat:no-repeat;}}<\/style><div class=\"kb-row-layout-wrap kb-row-layout-id12102_714b3b-9f alignfull kt-row-has-bg wp-block-toluna-rowlayout\"><div class=\"kt-row-layout-overlay kt-row-overlay-normal\"><\/div><div class=\"kt-row-column-wrap kt-has-2-columns kt-row-layout-left-golden kt-tab-layout-row kt-mobile-layout-row kt-row-valign-middle kb-theme-content-width\">\n<style>.toluna-column12102_559f2a-0d > .kt-inside-inner-col{display:flex;}.toluna-column12102_559f2a-0d > .kt-inside-inner-col,.toluna-column12102_559f2a-0d > .kt-inside-inner-col:before{border-top-left-radius:0px;border-top-right-radius:0px;border-bottom-right-radius:0px;border-bottom-left-radius:0px;}.toluna-column12102_559f2a-0d > .kt-inside-inner-col{column-gap:var(--global-kb-gap-sm, 1rem);}.toluna-column12102_559f2a-0d > .kt-inside-inner-col{flex-direction:column;justify-content:center;align-items:flex-start;}.toluna-column12102_559f2a-0d > .kt-inside-inner-col > .kb-image-is-ratio-size{align-self:stretch;}.toluna-column12102_559f2a-0d > .kt-inside-inner-col > .wp-block-toluna-advancedgallery{align-self:stretch;}.toluna-column12102_559f2a-0d > .kt-inside-inner-col > .aligncenter{width:100%;}.kt-row-column-wrap > .toluna-column12102_559f2a-0d{align-self:center;}.kt-inner-column-height-full:not(.kt-has-1-columns) > .wp-block-toluna-column.toluna-column12102_559f2a-0d{align-self:auto;}.kt-inner-column-height-full:not(.kt-has-1-columns) > .wp-block-toluna-column.toluna-column12102_559f2a-0d > .kt-inside-inner-col{flex-direction:column;justify-content:center;}.toluna-column12102_559f2a-0d > .kt-inside-inner-col:before{opacity:0.3;}.toluna-column12102_559f2a-0d{text-align:left;}.toluna-column12102_559f2a-0d{position:relative;}@media all and (max-width: 1024px){.kt-row-column-wrap > .toluna-column12102_559f2a-0d{align-self:center;}}@media all and (max-width: 1024px){.kt-inner-column-height-full:not(.kt-has-1-columns) > .wp-block-toluna-column.toluna-column12102_559f2a-0d{align-self:auto;}}@media all and (max-width: 1024px){.kt-inner-column-height-full:not(.kt-has-1-columns) > .wp-block-toluna-column.toluna-column12102_559f2a-0d > .kt-inside-inner-col{flex-direction:column;justify-content:center;}}@media all and (max-width: 1024px){.toluna-column12102_559f2a-0d > .kt-inside-inner-col{flex-direction:column;align-items:flex-start;}}@media all and (max-width: 767px){.kt-row-column-wrap > .toluna-column12102_559f2a-0d{align-self:center;}.kt-inner-column-height-full:not(.kt-has-1-columns) > .wp-block-toluna-column.toluna-column12102_559f2a-0d{align-self:auto;}.kt-inner-column-height-full:not(.kt-has-1-columns) > .wp-block-toluna-column.toluna-column12102_559f2a-0d > .kt-inside-inner-col{flex-direction:column;justify-content:center;}.toluna-column12102_559f2a-0d > .kt-inside-inner-col{flex-direction:column;align-items:flex-start;}}<\/style>\n<div class=\"wp-block-toluna-column toluna-column12102_559f2a-0d\"><div class=\"kt-inside-inner-col\"><style>.wp-block-toluna-advancedheading.kt-adv-heading12102_43051b-ce, .wp-block-toluna-advancedheading.kt-adv-heading12102_43051b-ce[data-kb-block=\"kb-adv-heading12102_43051b-ce\"]{margin-bottom:var(--global-kb-spacing-xxs, 0.5rem);font-size:48px;line-height:56px;font-style:normal;font-family:var( --wp--preset--font-family--sharp-sans, inherit );color:#fdfcfc;}.wp-block-toluna-advancedheading.kt-adv-heading12102_43051b-ce mark.kt-highlight, .wp-block-toluna-advancedheading.kt-adv-heading12102_43051b-ce[data-kb-block=\"kb-adv-heading12102_43051b-ce\"] mark.kt-highlight{font-style:normal;color:#f76a0c;-webkit-box-decoration-break:clone;box-decoration-break:clone;padding-top:0px;padding-right:0px;padding-bottom:0px;padding-left:0px;}@media all and (max-width: 767px){.wp-block-toluna-advancedheading.kt-adv-heading12102_43051b-ce, .wp-block-toluna-advancedheading.kt-adv-heading12102_43051b-ce[data-kb-block=\"kb-adv-heading12102_43051b-ce\"]{font-size:var(--global-kb-font-size-xl, 2rem);line-height:40px;}}<\/style>\n<h2 class=\"kt-adv-heading12102_43051b-ce wp-block-toluna-advancedheading\" data-kb-block=\"kb-adv-heading12102_43051b-ce\"><strong><strong>D\u00e9couvrez ce que pensent les citoyens<\/strong><\/strong><\/h2>\n\n\n<style>.wp-block-toluna-advancedheading.kt-adv-heading12102_64bc6c-0a, .wp-block-toluna-advancedheading.kt-adv-heading12102_64bc6c-0a[data-kb-block=\"kb-adv-heading12102_64bc6c-0a\"]{margin-top:var(--global-kb-spacing-xxs, 0.5rem);margin-bottom:var(--global-kb-spacing-sm, 1.5rem);font-size:var(--global-kb-font-size-md, 1rem);line-height:24px;font-style:normal;color:#ffffff;}.wp-block-toluna-advancedheading.kt-adv-heading12102_64bc6c-0a mark.kt-highlight, .wp-block-toluna-advancedheading.kt-adv-heading12102_64bc6c-0a[data-kb-block=\"kb-adv-heading12102_64bc6c-0a\"] mark.kt-highlight{font-style:normal;color:#f76a0c;-webkit-box-decoration-break:clone;box-decoration-break:clone;padding-top:0px;padding-right:0px;padding-bottom:0px;padding-left:0px;}<\/style>\n<p class=\"kt-adv-heading12102_64bc6c-0a wp-block-toluna-advancedheading\" data-kb-block=\"kb-adv-heading12102_64bc6c-0a\">Les r\u00e9sultats de nos derni\u00e8res enqu\u00eates sur les tendances et comportements des citoyens.<\/p>\n<\/div><\/div>\n\n\n<style>.toluna-column12102_0e1b05-eb > .kt-inside-inner-col,.toluna-column12102_0e1b05-eb > .kt-inside-inner-col:before{border-top-left-radius:0px;border-top-right-radius:0px;border-bottom-right-radius:0px;border-bottom-left-radius:0px;}.toluna-column12102_0e1b05-eb > .kt-inside-inner-col{column-gap:var(--global-kb-gap-sm, 1rem);}.toluna-column12102_0e1b05-eb > .kt-inside-inner-col{flex-direction:column;}.toluna-column12102_0e1b05-eb > .kt-inside-inner-col > .aligncenter{width:100%;}.toluna-column12102_0e1b05-eb > .kt-inside-inner-col:before{opacity:0.3;}.toluna-column12102_0e1b05-eb{position:relative;}@media all and (max-width: 1024px){.toluna-column12102_0e1b05-eb > .kt-inside-inner-col{flex-direction:column;}}@media all and (max-width: 767px){.toluna-column12102_0e1b05-eb > .kt-inside-inner-col{flex-direction:column;}}<\/style>\n<div class=\"wp-block-toluna-column toluna-column12102_0e1b05-eb\"><div class=\"kt-inside-inner-col\"><\/div><\/div>\n\n<\/div><\/div>\n\n<style>.kb-row-layout-id12102_b54b63-69 > .kt-row-column-wrap{align-content:start;}:where(.kb-row-layout-id12102_b54b63-69 > .kt-row-column-wrap) > .wp-block-toluna-column{justify-content:start;}.kb-row-layout-id12102_b54b63-69 > .kt-row-column-wrap{column-gap:var(--global-kb-gap-md, 2rem);row-gap:var(--global-kb-gap-md, 2rem);max-width:var(--wp--style--global--content-size);padding-top:var(--global-kb-spacing-sm, 1.5rem);padding-bottom:var(--global-kb-spacing-lg, 3rem);grid-template-columns:minmax(0, 1fr);}.kb-row-layout-id12102_b54b63-69 > .kt-row-layout-overlay{opacity:0.30;}@media all and (max-width: 1024px){.kb-row-layout-id12102_b54b63-69 > .kt-row-column-wrap{grid-template-columns:minmax(0, 1fr);}}@media all and (max-width: 767px){.kb-row-layout-id12102_b54b63-69 > .kt-row-column-wrap{grid-template-columns:minmax(0, 1fr);}}<\/style><div class=\"kb-row-layout-wrap kb-row-layout-id12102_b54b63-69 alignfull wp-block-toluna-rowlayout\"><div class=\"kt-row-column-wrap kt-has-1-columns kt-row-layout-equal kt-tab-layout-inherit kt-mobile-layout-row kt-row-valign-top kb-theme-content-width\">\n<style>.toluna-column12102_7981a3-cd > .kt-inside-inner-col{display:flex;}.toluna-column12102_7981a3-cd > .kt-inside-inner-col,.toluna-column12102_7981a3-cd > .kt-inside-inner-col:before{border-top-left-radius:0px;border-top-right-radius:0px;border-bottom-right-radius:0px;border-bottom-left-radius:0px;}.toluna-column12102_7981a3-cd > .kt-inside-inner-col{column-gap:var(--global-kb-gap-sm, 1rem);}.toluna-column12102_7981a3-cd > .kt-inside-inner-col{flex-direction:column;align-items:center;}.toluna-column12102_7981a3-cd > .kt-inside-inner-col > .kb-image-is-ratio-size{align-self:stretch;}.toluna-column12102_7981a3-cd > .kt-inside-inner-col > .wp-block-toluna-advancedgallery{align-self:stretch;}.toluna-column12102_7981a3-cd > .kt-inside-inner-col > .aligncenter{width:100%;}.toluna-column12102_7981a3-cd > .kt-inside-inner-col:before{opacity:0.3;}.toluna-column12102_7981a3-cd{text-align:center;}.toluna-column12102_7981a3-cd{position:relative;}@media all and (max-width: 1024px){.toluna-column12102_7981a3-cd > .kt-inside-inner-col{flex-direction:column;align-items:center;}}@media all and (max-width: 767px){.toluna-column12102_7981a3-cd > .kt-inside-inner-col{flex-direction:column;align-items:center;}}<\/style>\n<div class=\"wp-block-toluna-column toluna-column12102_7981a3-cd\"><div class=\"kt-inside-inner-col\"><style>.kb-row-layout-id12102_2cbc7d-4c > .kt-row-column-wrap{align-content:center;}:where(.kb-row-layout-id12102_2cbc7d-4c > .kt-row-column-wrap) > .wp-block-toluna-column{justify-content:center;}.kb-row-layout-id12102_2cbc7d-4c > .kt-row-column-wrap{column-gap:var(--global-kb-gap-md, 2rem);row-gap:var(--global-kb-gap-md, 2rem);max-width:var(--wp--style--global--content-size);padding-top:var(--global-kb-spacing-sm, 1.5rem);padding-bottom:var(--global-kb-spacing-sm, 1.5rem);grid-template-columns:repeat(2, minmax(0, 1fr));}.kb-row-layout-id12102_2cbc7d-4c > .kt-row-layout-overlay{opacity:0.30;}@media all and (max-width: 1024px){.kb-row-layout-id12102_2cbc7d-4c > .kt-row-column-wrap{grid-template-columns:repeat(2, minmax(0, 1fr));}}@media all and (max-width: 767px){.kb-row-layout-id12102_2cbc7d-4c > .kt-row-column-wrap{grid-template-columns:minmax(0, 1fr);}}<\/style><div class=\"kb-row-layout-wrap kb-row-layout-id12102_2cbc7d-4c alignfull wp-block-toluna-rowlayout\"><div class=\"kt-row-column-wrap kt-has-2-columns kt-row-layout-equal kt-tab-layout-inherit kt-mobile-layout-row kt-row-valign-middle kb-theme-content-width\">\n<style>.toluna-column12102_0203c9-1f > .kt-inside-inner-col,.toluna-column12102_0203c9-1f > .kt-inside-inner-col:before{border-top-left-radius:0px;border-top-right-radius:0px;border-bottom-right-radius:0px;border-bottom-left-radius:0px;}.toluna-column12102_0203c9-1f > .kt-inside-inner-col{column-gap:var(--global-kb-gap-sm, 1rem);}.toluna-column12102_0203c9-1f > .kt-inside-inner-col{flex-direction:column;}.toluna-column12102_0203c9-1f > .kt-inside-inner-col > .aligncenter{width:100%;}.toluna-column12102_0203c9-1f > .kt-inside-inner-col:before{opacity:0.3;}.toluna-column12102_0203c9-1f{position:relative;}@media all and (max-width: 1024px){.toluna-column12102_0203c9-1f > .kt-inside-inner-col{flex-direction:column;}}@media all and (max-width: 767px){.toluna-column12102_0203c9-1f > .kt-inside-inner-col{flex-direction:column;}}<\/style>\n<div class=\"wp-block-toluna-column toluna-column12102_0203c9-1f\"><div class=\"kt-inside-inner-col\"><style>.wp-block-toluna-advancedheading.kt-adv-heading12102_d4d175-54, .wp-block-toluna-advancedheading.kt-adv-heading12102_d4d175-54[data-kb-block=\"kb-adv-heading12102_d4d175-54\"]{text-align:left;font-size:var(--global-kb-font-size-xl, 2rem);line-height:45px;font-style:normal;}.wp-block-toluna-advancedheading.kt-adv-heading12102_d4d175-54 mark.kt-highlight, .wp-block-toluna-advancedheading.kt-adv-heading12102_d4d175-54[data-kb-block=\"kb-adv-heading12102_d4d175-54\"] mark.kt-highlight{font-style:normal;color:#f76a0c;-webkit-box-decoration-break:clone;box-decoration-break:clone;padding-top:0px;padding-right:0px;padding-bottom:0px;padding-left:0px;}<\/style>\n<h3 class=\"kt-adv-heading12102_d4d175-54 wp-block-toluna-advancedheading has-gravity-blue-color has-text-color\" data-kb-block=\"kb-adv-heading12102_d4d175-54\">Des insights fiables pour mieux comprendre les s\u00e9quences \u00e9lectorales.<\/h3>\n<\/div><\/div>\n\n\n<style>.toluna-column12102_9cd3e7-3b > .kt-inside-inner-col,.toluna-column12102_9cd3e7-3b > .kt-inside-inner-col:before{border-top-left-radius:0px;border-top-right-radius:0px;border-bottom-right-radius:0px;border-bottom-left-radius:0px;}.toluna-column12102_9cd3e7-3b > .kt-inside-inner-col{column-gap:var(--global-kb-gap-sm, 1rem);}.toluna-column12102_9cd3e7-3b > .kt-inside-inner-col{flex-direction:column;}.toluna-column12102_9cd3e7-3b > .kt-inside-inner-col > .aligncenter{width:100%;}.toluna-column12102_9cd3e7-3b > .kt-inside-inner-col:before{opacity:0.3;}.toluna-column12102_9cd3e7-3b{position:relative;}@media all and (max-width: 1024px){.toluna-column12102_9cd3e7-3b > .kt-inside-inner-col{flex-direction:column;}}@media all and (max-width: 767px){.toluna-column12102_9cd3e7-3b > .kt-inside-inner-col{flex-direction:column;}}<\/style>\n<div class=\"wp-block-toluna-column toluna-column12102_9cd3e7-3b\"><div class=\"kt-inside-inner-col\">\n<p class=\"has-text-align-left has--font-size\">D\u00e9couvrez ici les tendances cl\u00e9s et insights pour guider vos d\u00e9cisions et anticiper les \u00e9volutions de votre secteur.<\/p>\n<\/div><\/div>\n\n<\/div><\/div><\/div><\/div>\n\n<\/div><\/div>\n\n<style>.toluna-column12102_e95211-46 > .kt-inside-inner-col,.toluna-column12102_e95211-46 > .kt-inside-inner-col:before{border-top-left-radius:0px;border-top-right-radius:0px;border-bottom-right-radius:0px;border-bottom-left-radius:0px;}.toluna-column12102_e95211-46 > .kt-inside-inner-col{column-gap:var(--global-kb-gap-sm, 1rem);}.toluna-column12102_e95211-46 > .kt-inside-inner-col{flex-direction:column;}.toluna-column12102_e95211-46 > .kt-inside-inner-col > .aligncenter{width:100%;}.toluna-column12102_e95211-46 > .kt-inside-inner-col:before{opacity:0.3;}.toluna-column12102_e95211-46{position:relative;}@media all and (max-width: 1024px){.toluna-column12102_e95211-46 > .kt-inside-inner-col{flex-direction:column;}}@media all and (max-width: 767px){.toluna-column12102_e95211-46 > .kt-inside-inner-col{flex-direction:column;}}<\/style>\n<div class=\"wp-block-toluna-column toluna-column12102_e95211-46\"><div class=\"kt-inside-inner-col\">\n<div style=\"height:25px\" aria-hidden=\"true\" class=\"wp-block-spacer\"><\/div>\n\n\n\n<div class=\"wp-block-media-text is-stacked-on-mobile\" style=\"grid-template-columns:20% auto\"><figure class=\"wp-block-media-text__media\"><img decoding=\"async\" width=\"768\" height=\"768\" src=\"https:\/\/tolunacorporate.com\/wp-content\/uploads\/2025\/03\/Thumbnails_Elections-Legislatives-2024-8-768x768-1.png\" alt=\"\" class=\"wp-image-12111 size-full\" srcset=\"https:\/\/tolunacorporate.com\/wp-content\/uploads\/2025\/03\/Thumbnails_Elections-Legislatives-2024-8-768x768-1.png 768w, https:\/\/tolunacorporate.com\/wp-content\/uploads\/2025\/03\/Thumbnails_Elections-Legislatives-2024-8-768x768-1-300x300.png 300w, https:\/\/tolunacorporate.com\/wp-content\/uploads\/2025\/03\/Thumbnails_Elections-Legislatives-2024-8-768x768-1-150x150.png 150w\" sizes=\"(max-width: 768px) 100vw, 768px\" \/><\/figure><div class=\"wp-block-media-text__content\">\n<p>08.07.24<\/p>\n\n\n\n<p><strong>Regard des Fran\u00e7ais sur l\u2019issue du second tour<\/strong><\/p>\n\n\n\n<p>Quels sont les sentiments qui dominent face \u00e0 ces r\u00e9sultats ? Quelles cons\u00e9quences les Fran\u00e7ais envisagent-ils pour le pays ? Quelles sont d\u00e9sormais leurs attentes concernant le Gouvernement ?<a href=\"https:\/\/harris-interactive.fr\/actualite\/sondages-publies\/\"><\/a><\/p>\n\n\n<style>.wp-block-toluna-advancedbtn.kb-btns12102_c85a2a-0a{gap:var(--global-kb-gap-xs, 0.5rem );justify-content:flex-start;align-items:center;}.kt-btns12102_c85a2a-0a .kt-button{font-weight:normal;font-style:normal;}.kt-btns12102_c85a2a-0a .kt-btn-wrap-0{margin-right:5px;}.wp-block-toluna-advancedbtn.kt-btns12102_c85a2a-0a .kt-btn-wrap-0 .kt-button{color:#555555;border-color:#555555;}.wp-block-toluna-advancedbtn.kt-btns12102_c85a2a-0a .kt-btn-wrap-0 .kt-button:hover, .wp-block-toluna-advancedbtn.kt-btns12102_c85a2a-0a .kt-btn-wrap-0 .kt-button:focus{color:#ffffff;border-color:#444444;}.wp-block-toluna-advancedbtn.kt-btns12102_c85a2a-0a .kt-btn-wrap-0 .kt-button::before{display:none;}.wp-block-toluna-advancedbtn.kt-btns12102_c85a2a-0a .kt-btn-wrap-0 .kt-button:hover, .wp-block-toluna-advancedbtn.kt-btns12102_c85a2a-0a .kt-btn-wrap-0 .kt-button:focus{background:#444444;}<\/style>\n<div class=\"wp-block-toluna-advancedbtn kb-buttons-wrap kb-btns12102_c85a2a-0a\"><style>ul.menu .wp-block-toluna-advancedbtn .kb-btn12102_7a5fb7-cc.kb-button{width:initial;}@media all and (max-width: 1024px){.kb-btn12102_7a5fb7-cc.kb-button .kb-svg-icon-wrap{display:block;}}<\/style><a class=\"kb-button kt-button button kb-btn12102_7a5fb7-cc kt-btn-size-standard kt-btn-width-type-auto kb-btn-global-outline kt-btn-has-text-true kt-btn-has-svg-false kt-btn-type-default wp-block-toluna-singlebtn\" href=\"https:\/\/tolunacorporate.com\/fr\/regard-des-francais-sur-lissue-du-second-tour\/\"><span class=\"kt-btn-inner-text\">En savoir plus<\/span><\/a><\/div>\n<\/div><\/div>\n\n\n\n<div style=\"height:25px\" aria-hidden=\"true\" class=\"wp-block-spacer\"><\/div>\n\n\n\n<div style=\"height:25px\" aria-hidden=\"true\" class=\"wp-block-spacer\"><\/div>\n\n\n\n<div style=\"height:25px\" aria-hidden=\"true\" class=\"wp-block-spacer\"><\/div>\n\n\n\n<div style=\"height:20px\" aria-hidden=\"true\" class=\"wp-block-spacer\"><\/div>\n<\/div><\/div>\n\n\n\n<p><\/p>\n","protected":false},"excerpt":{"rendered":"<p>D\u00e9couvrez ce que pensent les citoyens Les r\u00e9sultats de nos derni\u00e8res enqu\u00eates<\/p>\n","protected":false},"author":8,"featured_media":0,"parent":0,"menu_order":0,"comment_status":"closed","ping_status":"closed","template":"","meta":{"_acf_changed":false,"_toluna_hide_sidebar":false,"footnotes":""},"class_list":["post-12102","page","type-page","status-publish","hentry","entry"],"acf":[],"_links":{"self":[{"href":"https:\/\/tolunacorporate.com\/fr\/wp-json\/wp\/v2\/pages\/12102","targetHints":{"allow":["GET"]}}],"collection":[{"href":"https:\/\/tolunacorporate.com\/fr\/wp-json\/wp\/v2\/pages"}],"about":[{"href":"https:\/\/tolunacorporate.com\/fr\/wp-json\/wp\/v2\/types\/page"}],"author":[{"embeddable":true,"href":"https:\/\/tolunacorporate.com\/fr\/wp-json\/wp\/v2\/users\/8"}],"replies":[{"embeddable":true,"href":"https:\/\/tolunacorporate.com\/fr\/wp-json\/wp\/v2\/comments?post=12102"}],"version-history":[{"count":0,"href":"https:\/\/tolunacorporate.com\/fr\/wp-json\/wp\/v2\/pages\/12102\/revisions"}],"wp:attachment":[{"href":"https:\/\/tolunacorporate.com\/fr\/wp-json\/wp\/v2\/media?parent=12102"}],"curies":[{"name":"wp","href":"https:\/\/api.w.org\/{rel}","templated":true}]}}